{"id":381,"date":"2016-09-15T10:20:04","date_gmt":"2016-09-15T08:20:04","guid":{"rendered":"http:\/\/avalon693.de\/?page_id=381"},"modified":"2020-09-15T09:30:05","modified_gmt":"2020-09-15T07:30:05","slug":"die-avalon-crew","status":"publish","type":"page","link":"https:\/\/avalon693.de\/?page_id=381","title":{"rendered":"\u00dcber uns"},"content":{"rendered":"<p>Die &#8222;AVALON&#8220;-Crew besteht in der Stammbesetzung aus B\u00e4rbel und Kuddel. Wir segeln seit 1996 zusammen und nach den Erhebungen der &#8222;YACHT&#8220;-Zeitschrift handelt es sich bei uns um die &#8222;klassische&#8220; 2-Personen-\u00fc60-Crew. Zu Beginn segelten wir eine Wanderer 4 bzw. Atlas 20 und ab 1998 eine Bianca 27. Seit 2007 segeln wir unsere &#8222;Avalon&#8220;, eine Comfortina 32, mit der wir mittlerweile ca. 27000 Meilen auf heimischen Gew\u00e4ssern (Elbe, Nord- und Ostsee)&nbsp; und auf dem Atlantik (Westeuropa, Kanaren und Karibik) im Kielwasser haben. Dar\u00fcber hinaus machten wir einige Charterreisen, die uns um die Balearen, an der kroatischen Adriak\u00fcste entlang und durch den s\u00fcdlichen Teil der griechischen \u00c4g\u00e4is f\u00fchrten. Stand: 15.09.2020<\/p>\n<p>&nbsp;<\/p>\n<p>Hallo, ich bin B\u00e4rbel und gr\u00fc\u00dfe euch von meinem Lieblingsplatz an Bord!<\/p>\n<p><a href=\"https:\/\/i0.wp.com\/avalon693.de\/wp-content\/uploads\/2017\/11\/20171116_154747-1.jpg\"><img data-recalc-dims=\"1\" loading=\"lazy\" decoding=\"async\" class=\"alignleft wp-image-1303\" src=\"https:\/\/i0.wp.com\/avalon693.de\/wp-content\/uploads\/2017\/11\/20171116_154747-1.jpg?resize=238%2C221\" alt=\"\" width=\"238\" height=\"221\" srcset=\"https:\/\/i0.wp.com\/avalon693.de\/wp-content\/uploads\/2017\/11\/20171116_154747-1.jpg?w=1000&amp;ssl=1 1000w, https:\/\/i0.wp.com\/avalon693.de\/wp-content\/uploads\/2017\/11\/20171116_154747-1.jpg?resize=300%2C279&amp;ssl=1 300w, https:\/\/i0.wp.com\/avalon693.de\/wp-content\/uploads\/2017\/11\/20171116_154747-1.jpg?resize=768%2C715&amp;ssl=1 768w\" sizes=\"auto, (max-width: 238px) 100vw, 238px\" \/><\/a><\/p>\n<p>Name: B\u00e4rbel Neumann<br \/>\ngeb. am 03.05.1950<\/p>\n<p>Seit 1996 sind Kuddel und ich Lebenspartner. Ich bin durch ihn zum Segeln gekommen, war eine richtige Landratte! Durch die vielen, regelm\u00e4\u00dfigen Segelt\u00f6rns auf unterschiedlichen Gew\u00e4ssern habe ich Spa\u00df am Segeln gefunden, liebe das nicht ganz so harte Segeln!!<\/p>\n<p>&nbsp;<\/p>\n<p>Hallo, ich bin Kuddel. Sch\u00f6ne Gr\u00fc\u00dfe von Bord!<\/p>\n<p><a href=\"https:\/\/i0.wp.com\/avalon693.de\/wp-content\/uploads\/2017\/02\/DSC05792_Ausschnitt.jpg\"><img data-recalc-dims=\"1\" loading=\"lazy\" decoding=\"async\" class=\"size-medium wp-image-413 alignleft\" src=\"https:\/\/i0.wp.com\/avalon693.de\/wp-content\/uploads\/2017\/02\/DSC05792_Ausschnitt-226x300.jpg?resize=226%2C300\" alt=\"\" width=\"226\" height=\"300\" srcset=\"https:\/\/i0.wp.com\/avalon693.de\/wp-content\/uploads\/2017\/02\/DSC05792_Ausschnitt.jpg?resize=226%2C300&amp;ssl=1 226w, https:\/\/i0.wp.com\/avalon693.de\/wp-content\/uploads\/2017\/02\/DSC05792_Ausschnitt.jpg?resize=768%2C1021&amp;ssl=1 768w, https:\/\/i0.wp.com\/avalon693.de\/wp-content\/uploads\/2017\/02\/DSC05792_Ausschnitt.jpg?resize=770%2C1024&amp;ssl=1 770w, https:\/\/i0.wp.com\/avalon693.de\/wp-content\/uploads\/2017\/02\/DSC05792_Ausschnitt.jpg?w=989&amp;ssl=1 989w\" sizes=\"auto, (max-width: 226px) 100vw, 226px\" \/><\/a>Name: Karl-Heinz Jubt<br \/>\ngeb. am 11.01.1953<\/p>\n<p>Im Mai 1990 begann f\u00fcr mich mit meiner Wanderer IV (Atlas 20) &#8222;Kleine Nade&#8220; das Segeln auf eigenem Kiel. Den Zauber, der nach Hermann Hesse jedem Neuen innewohnt, erlebe ich noch heute mit jedem neuen T\u00f6rn. Auf die Wanderer IV folgte Ende 1997 die &#8222;Kessi&#8220;, eine Bianca 27. Seit 2007 segeln B\u00e4rbel und ich eine Comfortina 32, die &#8222;Avalon&#8220;.<\/p>\n","protected":false},"excerpt":{"rendered":"<p>Die &#8222;AVALON&#8220;-Crew besteht in der Stammbesetzung aus B\u00e4rbel und Kuddel. Wir segeln seit 1996 zusammen und nach den Erhebungen der &#8222;YACHT&#8220;-Zeitschrift handelt es sich bei uns um die &#8222;klassische&#8220; 2-Personen-\u00fc60-Crew. Zu Beginn segelten wir eine Wanderer 4 bzw. Atlas 20&hellip; <\/p>\n","protected":false},"author":1,"featured_media":66,"parent":0,"menu_order":2,"comment_status":"closed","ping_status":"closed","template":"","meta":{"ngg_post_thumbnail":0,"footnotes":""},"class_list":["post-381","page","type-page","status-publish","has-post-thumbnail","hentry"],"yoast_head":"<!-- This site is optimized with the Yoast SEO plugin v27.5 - https:\/\/yoast.com\/product\/yoast-seo-wordpress\/ -->\n<title>\u00dcber uns - SY &quot;AVALON&quot;<\/title>\n<meta name=\"robots\" content=\"index, follow, max-snippet:-1, max-image-preview:large, max-video-preview:-1\" \/>\n<link rel=\"canonical\" href=\"https:\/\/avalon693.de\/?page_id=381\" \/>\n<meta property=\"og:locale\" content=\"de_DE\" \/>\n<meta property=\"og:type\" content=\"article\" \/>\n<meta property=\"og:title\" content=\"\u00dcber uns - SY &quot;AVALON&quot;\" \/>\n<meta property=\"og:description\" content=\"Die &#8222;AVALON&#8220;-Crew besteht in der Stammbesetzung aus B\u00e4rbel und Kuddel. Wir segeln seit 1996 zusammen und nach den Erhebungen der &#8222;YACHT&#8220;-Zeitschrift handelt es sich bei uns um die &#8222;klassische&#8220; 2-Personen-\u00fc60-Crew. Zu Beginn segelten wir eine Wanderer 4 bzw. Atlas 20&hellip;\" \/>\n<meta property=\"og:url\" content=\"https:\/\/avalon693.de\/?page_id=381\" \/>\n<meta property=\"og:site_name\" content=\"SY &quot;AVALON&quot;\" \/>\n<meta property=\"article:modified_time\" content=\"2020-09-15T07:30:05+00:00\" \/>\n<meta property=\"og:image\" content=\"https:\/\/avalon693.de\/wp-content\/uploads\/2015\/03\/IMGP5777-1024x685.jpg\" \/>\n\t<meta property=\"og:image:width\" content=\"1024\" \/>\n\t<meta property=\"og:image:height\" content=\"685\" \/>\n\t<meta property=\"og:image:type\" content=\"image\/jpeg\" \/>\n<meta name=\"twitter:card\" content=\"summary_large_image\" \/>\n<meta name=\"twitter:label1\" content=\"Gesch\u00e4tzte Lesezeit\" \/>\n\t<meta name=\"twitter:data1\" content=\"1\u00a0Minute\" \/>\n<script type=\"application\/ld+json\" class=\"yoast-schema-graph\">{\"@context\":\"https:\\\/\\\/schema.org\",\"@graph\":[{\"@type\":\"WebPage\",\"@id\":\"https:\\\/\\\/avalon693.de\\\/?page_id=381\",\"url\":\"https:\\\/\\\/avalon693.de\\\/?page_id=381\",\"name\":\"\u00dcber uns - SY &quot;AVALON&quot;\",\"isPartOf\":{\"@id\":\"https:\\\/\\\/avalon693.de\\\/#website\"},\"primaryImageOfPage\":{\"@id\":\"https:\\\/\\\/avalon693.de\\\/?page_id=381#primaryimage\"},\"image\":{\"@id\":\"https:\\\/\\\/avalon693.de\\\/?page_id=381#primaryimage\"},\"thumbnailUrl\":\"https:\\\/\\\/i0.wp.com\\\/avalon693.de\\\/wp-content\\\/uploads\\\/2015\\\/03\\\/IMGP5777.jpg?fit=3872%2C2592&ssl=1\",\"datePublished\":\"2016-09-15T08:20:04+00:00\",\"dateModified\":\"2020-09-15T07:30:05+00:00\",\"breadcrumb\":{\"@id\":\"https:\\\/\\\/avalon693.de\\\/?page_id=381#breadcrumb\"},\"inLanguage\":\"de\",\"potentialAction\":[{\"@type\":\"ReadAction\",\"target\":[\"https:\\\/\\\/avalon693.de\\\/?page_id=381\"]}]},{\"@type\":\"ImageObject\",\"inLanguage\":\"de\",\"@id\":\"https:\\\/\\\/avalon693.de\\\/?page_id=381#primaryimage\",\"url\":\"https:\\\/\\\/i0.wp.com\\\/avalon693.de\\\/wp-content\\\/uploads\\\/2015\\\/03\\\/IMGP5777.jpg?fit=3872%2C2592&ssl=1\",\"contentUrl\":\"https:\\\/\\\/i0.wp.com\\\/avalon693.de\\\/wp-content\\\/uploads\\\/2015\\\/03\\\/IMGP5777.jpg?fit=3872%2C2592&ssl=1\",\"width\":3872,\"height\":2592,\"caption\":\"Brandung Hvidesande\"},{\"@type\":\"BreadcrumbList\",\"@id\":\"https:\\\/\\\/avalon693.de\\\/?page_id=381#breadcrumb\",\"itemListElement\":[{\"@type\":\"ListItem\",\"position\":1,\"name\":\"Startseite\",\"item\":\"https:\\\/\\\/avalon693.de\\\/\"},{\"@type\":\"ListItem\",\"position\":2,\"name\":\"\u00dcber uns\"}]},{\"@type\":\"WebSite\",\"@id\":\"https:\\\/\\\/avalon693.de\\\/#website\",\"url\":\"https:\\\/\\\/avalon693.de\\\/\",\"name\":\"SY &quot;AVALON&quot;\",\"description\":\"Ein Online-Log-\\\/Fahrtenbuch der Avalon\",\"potentialAction\":[{\"@type\":\"SearchAction\",\"target\":{\"@type\":\"EntryPoint\",\"urlTemplate\":\"https:\\\/\\\/avalon693.de\\\/?s={search_term_string}\"},\"query-input\":{\"@type\":\"PropertyValueSpecification\",\"valueRequired\":true,\"valueName\":\"search_term_string\"}}],\"inLanguage\":\"de\"}]}<\/script>\n<!-- \/ Yoast SEO plugin. -->","yoast_head_json":{"title":"\u00dcber uns - SY &quot;AVALON&quot;","robots":{"index":"index","follow":"follow","max-snippet":"max-snippet:-1","max-image-preview":"max-image-preview:large","max-video-preview":"max-video-preview:-1"},"canonical":"https:\/\/avalon693.de\/?page_id=381","og_locale":"de_DE","og_type":"article","og_title":"\u00dcber uns - SY &quot;AVALON&quot;","og_description":"Die &#8222;AVALON&#8220;-Crew besteht in der Stammbesetzung aus B\u00e4rbel und Kuddel. Wir segeln seit 1996 zusammen und nach den Erhebungen der &#8222;YACHT&#8220;-Zeitschrift handelt es sich bei uns um die &#8222;klassische&#8220; 2-Personen-\u00fc60-Crew. Zu Beginn segelten wir eine Wanderer 4 bzw. Atlas 20&hellip;","og_url":"https:\/\/avalon693.de\/?page_id=381","og_site_name":"SY &quot;AVALON&quot;","article_modified_time":"2020-09-15T07:30:05+00:00","og_image":[{"width":1024,"height":685,"url":"https:\/\/avalon693.de\/wp-content\/uploads\/2015\/03\/IMGP5777-1024x685.jpg","type":"image\/jpeg"}],"twitter_card":"summary_large_image","twitter_misc":{"Gesch\u00e4tzte Lesezeit":"1\u00a0Minute"},"schema":{"@context":"https:\/\/schema.org","@graph":[{"@type":"WebPage","@id":"https:\/\/avalon693.de\/?page_id=381","url":"https:\/\/avalon693.de\/?page_id=381","name":"\u00dcber uns - SY &quot;AVALON&quot;","isPartOf":{"@id":"https:\/\/avalon693.de\/#website"},"primaryImageOfPage":{"@id":"https:\/\/avalon693.de\/?page_id=381#primaryimage"},"image":{"@id":"https:\/\/avalon693.de\/?page_id=381#primaryimage"},"thumbnailUrl":"https:\/\/i0.wp.com\/avalon693.de\/wp-content\/uploads\/2015\/03\/IMGP5777.jpg?fit=3872%2C2592&ssl=1","datePublished":"2016-09-15T08:20:04+00:00","dateModified":"2020-09-15T07:30:05+00:00","breadcrumb":{"@id":"https:\/\/avalon693.de\/?page_id=381#breadcrumb"},"inLanguage":"de","potentialAction":[{"@type":"ReadAction","target":["https:\/\/avalon693.de\/?page_id=381"]}]},{"@type":"ImageObject","inLanguage":"de","@id":"https:\/\/avalon693.de\/?page_id=381#primaryimage","url":"https:\/\/i0.wp.com\/avalon693.de\/wp-content\/uploads\/2015\/03\/IMGP5777.jpg?fit=3872%2C2592&ssl=1","contentUrl":"https:\/\/i0.wp.com\/avalon693.de\/wp-content\/uploads\/2015\/03\/IMGP5777.jpg?fit=3872%2C2592&ssl=1","width":3872,"height":2592,"caption":"Brandung Hvidesande"},{"@type":"BreadcrumbList","@id":"https:\/\/avalon693.de\/?page_id=381#breadcrumb","itemListElement":[{"@type":"ListItem","position":1,"name":"Startseite","item":"https:\/\/avalon693.de\/"},{"@type":"ListItem","position":2,"name":"\u00dcber uns"}]},{"@type":"WebSite","@id":"https:\/\/avalon693.de\/#website","url":"https:\/\/avalon693.de\/","name":"SY &quot;AVALON&quot;","description":"Ein Online-Log-\/Fahrtenbuch der Avalon","potentialAction":[{"@type":"SearchAction","target":{"@type":"EntryPoint","urlTemplate":"https:\/\/avalon693.de\/?s={search_term_string}"},"query-input":{"@type":"PropertyValueSpecification","valueRequired":true,"valueName":"search_term_string"}}],"inLanguage":"de"}]}},"jetpack_sharing_enabled":true,"jetpack_shortlink":"https:\/\/wp.me\/P5W3dN-69","_links":{"self":[{"href":"https:\/\/avalon693.de\/index.php?rest_route=\/wp\/v2\/pages\/381","targetHints":{"allow":["GET"]}}],"collection":[{"href":"https:\/\/avalon693.de\/index.php?rest_route=\/wp\/v2\/pages"}],"about":[{"href":"https:\/\/avalon693.de\/index.php?rest_route=\/wp\/v2\/types\/page"}],"author":[{"embeddable":true,"href":"https:\/\/avalon693.de\/index.php?rest_route=\/wp\/v2\/users\/1"}],"replies":[{"embeddable":true,"href":"https:\/\/avalon693.de\/index.php?rest_route=%2Fwp%2Fv2%2Fcomments&post=381"}],"version-history":[{"count":10,"href":"https:\/\/avalon693.de\/index.php?rest_route=\/wp\/v2\/pages\/381\/revisions"}],"predecessor-version":[{"id":2555,"href":"https:\/\/avalon693.de\/index.php?rest_route=\/wp\/v2\/pages\/381\/revisions\/2555"}],"wp:featuredmedia":[{"embeddable":true,"href":"https:\/\/avalon693.de\/index.php?rest_route=\/wp\/v2\/media\/66"}],"wp:attachment":[{"href":"https:\/\/avalon693.de\/index.php?rest_route=%2Fwp%2Fv2%2Fmedia&parent=381"}],"curies":[{"name":"wp","href":"https:\/\/api.w.org\/{rel}","templated":true}]}}